{"id":79,"date":"2017-04-29T23:06:45","date_gmt":"2017-04-29T21:06:45","guid":{"rendered":"http:\/\/192.168.0.203\/wordpress\/?page_id=79"},"modified":"2017-05-03T23:08:34","modified_gmt":"2017-05-03T21:08:34","slug":"historia-osp-zawada","status":"publish","type":"page","link":"http:\/\/zawada.osp.org.pl\/?page_id=79","title":{"rendered":"Historia OSP Wodzis\u0142aw \u015al\u0105ski &#8211; Zawada"},"content":{"rendered":"<div align=\"justify\">\n<p><em><strong>Opracowa\u0142:<\/strong> druh mgr Fryderyk Kamczyk<\/em><\/p>\n<p>Ochotnicze Stra\u017ce Po\u017carne s\u0105 wa\u017cnym elementem struktury przeciwpo\u017carowej spo\u0142ecze\u0144stwa polskiego. Dzia\u0142alno\u015b\u0107 OSP nie polega jednak wy\u0142\u0105cznie na gaszeniu po\u017car\u00f3w. Przez lata by\u0142a i jest to r\u00f3wnie\u017c dzia\u0142alno\u015b\u0107 spo\u0142eczna i kulturalna. Remiza w wielu obszarach Polski jest dzi\u015b miejscem wydarze\u0144 spo\u0142ecznych, spotka\u0144 instytucji spo\u0142ecznych, oraz miejscem dzia\u0142alno\u015bci kulturalnej.<br \/>\nOchrona po\u017carowa jest jednak dla ochotnik\u00f3w dzia\u0142alno\u015bci\u0105 priorytetow\u0105. Obecnie ochron\u0105 przeciwpo\u017carow\u0105 zajmuje si\u0119 Pa\u0144stwowa Stra\u017c Po\u017carna, kt\u00f3ra jest wyspecjalizowan\u0105 jednostk\u0105 prowadz\u0105c\u0105 bogaty wachlarz dzia\u0142alno\u015bci ratowniczej m.in.: ratownictwo drogowe, wodne, wysoko\u015bciowe itd.<br \/>\nJednak do wielu dzia\u0142a\u0144 s\u0105 potrzebne jednostki OSP, bez kt\u00f3rych stra\u017c zawodowa nie da\u0142a by sobie rady z opanowaniem sytuacji. Chodzi m.in. : o sytuacje kiedy potrzeba du\u017cej ilo\u015bci ludzi, sprz\u0119tu oraz wody, lub kiedy na danym obszarze jest prowadzonych jednocze\u015bnie kilka akcji ratowniczo \u2013 ga\u015bniczych.<\/p>\n<p>Ochrona przeciwpo\u017carowa w zawadzkiej wiosce<br \/>\nPatrz\u0105c na histori\u0119 ludzko\u015bci zauwa\u017camy, i\u017c spo\u0142ecze\u0144stwa od zarania dziej\u00f3w organizowa\u0142y ochron\u0119 przeciwpo\u017carow\u0105. Ogie\u0144 by\u0142 \u017cywio\u0142em, kt\u00f3ry wywo\u0142ywa\u0142 l\u0119k niezale\u017cnie od kultury czy miejsca zamieszkania. Wi\u0105za\u0142o si\u0119 to z jego si\u0142\u0105 i czasem dzia\u0142ania, kilkana\u015bcie minut mog\u0142o doprowadzi\u0107 do zniszczenia maj\u0105tku, do kt\u00f3rego cz\u0142owiek dochodzi\u0142 latami. Strach przed ogniem wynika\u0142 z zagro\u017cenia po\u017carowego wynikaj\u0105cego z nast\u0119puj\u0105cych czynnik\u00f3w: drewniane domy, s\u0142omiane dachy, konieczno\u015b\u0107 sk\u0142adowania drewna w domu, brak ochrony odgromowej, po\u0142\u0105czenie budynku mieszkalnego ze stodo\u0142\u0105 i innymi budynkami gospodarczymi, du\u017cy sk\u0142ad siana, s\u0142omy. Wszystkie te czynniki by\u0142y niew\u0105tpliwie sprzyjaj\u0105ce powstawaniu po\u017car\u00f3w, kt\u00f3re swym zasi\u0119giem mog\u0142y si\u0119 rozci\u0105ga\u0107 na kilka gospodarstw. Innym czynnikiem by\u0142o powszechne wypalanie traw, kt\u00f3re r\u00f3wnie\u017c zagra\u017ca\u0142o mieszka\u0144com i p\u0142odom rolnym. Istnia\u0142a zatem konieczno\u015b\u0107 organizowania ochrony przeciwpo\u017carowej. W Zawadzie stwierdzono dwa elementy takiej organizacji: pierwszy dotyczy\u0142 prywatnych urz\u0105dze\u0144 ochrony \u2013 przeciwpo\u017carowej. Drugim elementem by\u0142a OSP.<\/p>\n<p>Ka\u017cde gospodarstwo rolne posiada\u0142o zazwyczaj w\u0142asny system ochrony przeciwpo\u017carowej, kt\u00f3rego fundamentalnym elementem by\u0142 zbiornik wodny oraz zasilanie wodne. Zbiornik po\u0142o\u017cony zazwyczaj bardzo blisko budynk\u00f3w s\u0142u\u017cy\u0142 jako punkt czerpania wody dla zwierz\u0105t oraz staw hodowlany. W czasie po\u017caru pe\u0142ni\u0142 jednak funkcj\u0119 zbiornika wodnego. Stra\u017c Po\u017carna posiada\u0142a jedynie sikawk\u0119 konn\u0105 bez zbiornika wodnego. Dzia\u0142alno\u015b\u0107 stra\u017cak\u00f3w by\u0142a zatem mo\u017cliwa tylko w sytuacji kiedy gospodarz posiada\u0142 w\u0142asn\u0105 ilo\u015b\u0107 wody potrzebn\u0105 do ugaszenia po\u017caru. Inny sprz\u0119t p-po\u017c, kt\u00f3ry by\u0142 dost\u0119pny w ka\u017cdym gospodarstwie to: wiadra, haki, drabiny itd.<\/p>\n<p>Drugim elementem ochrony przed ogniem by\u0142y Stra\u017ce Ogniowe ( dzi\u015b OSP). Ochotnicze Stra\u017ce Po\u017carne obok ko\u015bcio\u0142a i szko\u0142y by\u0142y podstawowym elementem spo\u0142ecze\u0144stwa. Dzia\u0142alno\u015b\u0107 stra\u017cak\u00f3w polega\u0142a na doprowadzeniu sikawki konnej do miejsca po\u017caru, pod\u0142\u0105czeniu sikawki do zbiornika i gaszeniu miejsca obj\u0119tego po\u017carem oraz ratowaniu wszystkiego co mo\u017cna by\u0142o uratowa\u0107. W tym celu wykorzystywano dy\u017cury rolnik\u00f3w, kt\u00f3rzy posiadali konie. Ustalano dy\u017cury rolnik\u00f3w, kt\u00f3rzy w konkretnym dzie\u0144 byli gotowi do wyjazdu do akcji. Stra\u017cacy zajmowali si\u0119 r\u00f3wnie\u017c szkoleniem ludno\u015bci cywilnej szczeg\u00f3lnie m\u0119\u017cczyzn. Uratowanie p\u0142on\u0105cego budynku czy stodo\u0142y w tamtych warunkach by\u0142o nie mo\u017cliwe. Drewniane pokryte s\u0142om\u0105 budynki pali\u0142y si\u0119 bardzo szybko dlatego g\u0142\u00f3wnym zadaniem \u00f3wczesnej stra\u017cy by\u0142o niedopuszczenie rozpowszechnienia si\u0119 ognia na inne budynki b\u0105d\u017a ca\u0142\u0105 wie\u015b czy miasto.<\/p>\n<p>Nale\u017cy r\u00f3wnie\u017c wspomnie\u0107, i\u017c na terenie naszej miejscowo\u015bci wyst\u0119powa\u0142 kult \u015bw. Floriana. W wielu budynkach wmurowane by\u0142y figury \u015bw. Floriana, domach wisia\u0142y obrazy tego\u017c \u015bwi\u0119tego. W ko\u015bciele parafialnym przez d\u0142ugie lata by\u0142a figura \u015bw. Floriana.<\/p>\n<p><strong>Pocz\u0105tki zawadzkiej stra\u017cy po\u017carnej (1930-1938)<\/strong><br \/>\nDo momentu powstania OSP Zawada nic nie wiadomo o wcze\u015bniejszych organizacjach formalnych lub nieformalnych zajmuj\u0105cych si\u0119 ochron\u0105 p-po\u017carow\u0105. OSP Psz\u00f3w i OSP Rog\u00f3w istnia\u0142y znacznie wcze\u015bniej ni\u017c OSP Zawada wi\u0119c najprawdopodobniej s\u0142u\u017cy\u0142y one pomoc\u0105 wiosce Zawada.<br \/>\nW latach 1930 -1931 naczelnik J\u00f3zef Thomas organizowa\u0142 ka\u017cdego roku przymusowe szkolenia przeciwpo\u017carowe, \u0107wiczenia prowadzili stra\u017cacy z OSP Psz\u00f3w, kt\u00f3rzy w tym czasie mieli ju\u017c ponad dwudziestoletnie do\u015bwiadczenie w gaszeniu po\u017car\u00f3w. Takie szkolenia odbywa\u0142y si\u0119 w wielu gminach na terenie \u015al\u0105ska. Thomas otrzyma\u0142 polecenie s\u0142u\u017cbowe od naczelnika Urz\u0119du Okr\u0119gowego aby powo\u0142a\u0142 w Zawadzie stra\u017c ogniow\u0105, jednostk\u0119 powo\u0142ano do istnienia w 1933 roku. Pierwszym komendantem by\u0142 J\u00f3zef Bugla, pe\u0142ni\u0142 on r\u00f3wnie\u017c inne funkcje do czasu wyboru pe\u0142nego zarz\u0105du. W 1934 roku nowy naczelnik gminny J\u00f3zef Langer zwo\u0142a\u0142 zebranie wyborcze, na kt\u00f3rym wybrano zarz\u0105d zawadzkiej stra\u017cy.<br \/>\nPierwszym prezesem by\u0142 Cyprian Pietrasz, komendantem ( naczelnikiem) Pawe\u0142 Rusek, zast\u0119pc\u0105 komendanta Prusowski J\u00f3zef, sekretarzem Franciszek Je\u017cyszek i skarbikiem J\u00f3zef Bugla.<br \/>\nWa\u017cnym elementem by\u0142a pomoc jak\u0105 jednostka otrzyma\u0142a ze strony pszowskich stra\u017cak\u00f3w. Do czasu 1939 stra\u017cacy zajmowali si\u0119 organizacj\u0105 i dokszta\u0142caniem swoich umiej\u0119tno\u015bci.<\/p>\n<p><strong>Lata 1939 -1949<\/strong><br \/>\nW okresie 1939 -1945 w spos\u00f3b naturalny wojna zniszczy\u0142a wiele pomys\u0142\u00f3w i mo\u017cliwo\u015bci rozwoju, wielu m\u0142odych mieszka\u0144c\u00f3w gminy zgin\u0119\u0142o podczas dzia\u0142a\u0144 wojennych. Stra\u017c Po\u017carna zosta\u0142a rozwi\u0105zana przez okupanta niemieckiego. Po wojnie nast\u0105pi\u0142a reaktywacja stra\u017cy. W 1945 roku Prezesem zosta\u0142 Pietrasz Cyprian, komendantem Prusowski J\u00f3zef, zast\u0119pc\u0105 komendanta Edmund Kiermaszek, sekretarzem Mucha J\u00f3zef, skarbnikiem Bugla J\u00f3zef. Powo\u0142ano r\u00f3wnie\u017c komisj\u0119 rewizyjn\u0105 w sk\u0142adzie: Leon Baron -przewodnicz\u0105cy oraz Powa\u0142a Jan i Nachtgal Pawe\u0142. Wyznaczono gospodarzy, kt\u00f3rzy przewozili sikawk\u0119 r\u0119czn\u0105 na miejsce po\u017caru, byli to : Jan Elsner, Wiktor Micha\u0142ek i Konstanty Micha\u0142ek. W roku 1949 jednostka otrzyma\u0142a prezent od swoich pszowskich koleg\u00f3w w postaci motopompy M -800 marki Fisher, oraz przyczepk\u0119 i w\u0119\u017ce stra\u017cackie. Z racji tego prezentu jednostka zacz\u0119\u0142a wyje\u017cd\u017ca\u0107 do akcji poza granice wsi, opiekunami motopompy byli: Jan Pietrasz, Wiktor Duda, Norbert Ostrzo\u0142ek.<\/p>\n<p><strong>Lata 1950- 1988<\/strong><br \/>\n15 marca 1952 roku odby\u0142o si\u0119 zebranie sprawozdawczo \u2013 wyborcze, na kt\u00f3rym dokonano wyboru zarz\u0105du w sk\u0142adzie: prezes Cyprian Pietrasz, komendant Jan Powa\u0142a, zast\u0119pca komendanta Edmund Kiermaszek, sekretarz J\u00f3zef Mucha, skarbnik J\u00f3zef Bugla, gospodarz Kubicki J\u00f3zef. Stra\u017cacy dokonywali w tym czasie ci\u0105g\u0142ych prac koniecznych dla odpowiedniego usprawnienia jednostki oraz doposa\u017cyli jednostk\u0119 w sprz\u0119t potrzebny do akcji.<\/p>\n<p>W 1960 roku nast\u0105pi\u0142y zmiany. prezesem zosta\u0142 J\u00f3zef Bugla, komendantem Jan Powa\u0142a, zast\u0119pc\u0105 komendanta Edmund Kiermaszek, sekretarzem Ryszard Halfar, skarbnikiem Henryk Maks, gospodarzem J\u00f3zef Kubicki.<br \/>\nW 1963 roku dokonano wyboru nowego zarz\u0105du w sk\u0142adzie: Prezes Jan Powa\u0142a, komendant Norbert Latocha, sekretarz Emil Lelek, skarbnik Henryk Maks, gospodarz J\u00f3zef Kubicki.<br \/>\nW 1964 roku wybrano jednak nowy zarz\u0105d w sk\u0142adzie: prezes Jan Pietrasz, naczelnik Norbert Latocha , zast\u0119pca naczelnika Henryk Maks, sekretarz Jan Matuszek, skarbnik Augustyn Byczek, gospodarz J\u00f3zef Kubicki.<br \/>\nW 1969 roku oddano do u\u017cytku remiz\u0119. Jednostka posiada\u0142a r\u00f3wnie\u017c samoch\u00f3d. W 1971 roku powo\u0142ano nowy zarz\u0105d w sk\u0142adzie: prezes Jan Pietrasz, naczelnik Henryk Maks, zast\u0119pca naczelnika Konrad Syrzysko , sekretarz Ferdynand Micha\u0142ek , skarbnik Augustyn Byczek, gospodarz Norbert Ostrzo\u0142ek. Zarz\u0105d podj\u0105\u0142 decyzj\u0119 o podjecie stara\u0144 o przydzielenie wozu ga\u015bniczego, gdy\u017c dotychczasowy samoch\u00f3d by\u0142 w niedobrym stanie. Jednostce przydzielono samoch\u00f3d Star 25 wycofany z jastrz\u0119bskiej kopalni, samoch\u00f3d posiada\u0142 zbiornik wodny. Istnia\u0142a jednak konieczno\u015b\u0107 wyremontowania samochodu, szefem zespo\u0142u remontuj\u0105cego zosta\u0142 Konrad Syrzysko. Po trwaj\u0105cym 3 miesi\u0105ce remoncie samoch\u00f3d pracowa\u0142 bez zarzut\u00f3w a\u017c do lat 80 -tych. W latach 1973 \u2013 1980 jednostka posiada\u0142a na wyposa\u017ceniu amfibie. W 1976 roku naczelnikiem zosta\u0142 Konrad Syrzysko, za\u015b zast\u0119pc\u0105 Henryk Maks. W 1984 roku Alojzy Duda obj\u0105\u0142 funkcje sekretarza, za\u015b funkcj\u0119 skarbnika obj\u0105\u0142 Zygfryd Bugla.<\/p>\n<p><strong>Lata 1989 \u2013 2005<\/strong><br \/>\nW 1989 roku naczelnikiem zosta\u0142 Henryk Rassek (pracownik Zawodowej Stra\u017cy Po\u017carnej w Wodzis\u0142awiu \u015al\u0105skim, gdzie pe\u0142ni\u0142 funkcj\u0119 dow\u00f3dcy zmiany) zast\u0119pc\u0105 naczelnika zosta\u0142 Roman Pytlik ( tak\u017ce pracownik ZSP Wodzis\u0142aw \u015al\u0105ski). Staraniem st.ogn. Henryka Rasska jednostka w Zawadzie otrzyma\u0142a samoch\u00f3d Star GBA 2,6 \/ 16. W tym okresie by\u0142 to samoch\u00f3d nowoczesny, o kt\u00f3rym inne jednostki mog\u0142y tylko pomarzy\u0107.<br \/>\nZacz\u0105\u0142 si\u0119 czas intensywnych szkole\u0144 i udzia\u0142u w akcjach ratowniczo \u2013 ga\u015bniczych. Nowy naczelnik przekazywa\u0142 zdobyte w ZSP do\u015bwiadczenie i umiej\u0119tno\u015bci szkolenia. W 1989 jednostka gasi\u0142a po\u017car w Ku\u017ani Raciborskiej, za\u015b 1992 roku bra\u0142a udzia\u0142 w akcji gaszenia po\u017caru lasu w Olkuszu. Najwi\u0119kszym jednak po\u017carem lat 90 \u2013 tych by\u0142 po\u017car las\u00f3w w Ku\u017ani Raciborskiej.<br \/>\nW 1994 roku dokonano wyboru nowego zarz\u0105du: Prezesem zosta\u0142 Jan Pietrasz, zast\u0119pc\u0105 prezesa Teofil Hytroszek, naczelnikiem Henryk Rassek, zast\u0119pc\u0105 naczelnika Szczepan K\u0142osek, skarbnikiem Zygfryd Bugla, sekretarzem Alojzy Duda, gospodarzem Tadeusz Daiczmanek, cz\u0142onkiem zarz\u0105du by\u0142 tak\u017ce Konrad Syrzysko.<\/p>\n<p>Nast\u0119pny zarz\u0105d sk\u0142ada\u0142 si\u0119 z: prezes Teofil Hytroszek, wiceprezesi Jan Sowa, Henryk Maks, naczelnik Henryk Rassek, zast\u0119pca naczelnika Szczepan K\u0142osek, sekretarz Alojzy Duda, skarbnik Jan Cy\u017cak, gospodarz Czes\u0142aw Kurzydym.<br \/>\nW 2001 roku w sk\u0142ad Zarz\u0105du wchodzili: prezes Teofil Hytroszek, naczelnik Janusz Rassek, wiceprezesi Janusz Latocha, Bronis\u0142aw Dreja, zast\u0119pca naczelnika Henryk Maks, sekretarz Artur Pytlik, skarbnik Jan Czy\u017cak, gospodarz Czes\u0142aw Kurzydym.<\/p>\n<p><strong>Lata 2006 \u2013 2007<\/strong><br \/>\nW marcu 2006 roku zosta\u0142 powo\u0142any nowy zarz\u0105d : prezes Jan Czy\u017cak, wiceprezes Henryk Maks, naczelnik Janusz Rassek, zast\u0119pca naczelnika Henryk Rassek, skarbnik Tadeusz Daiczmanek, sekretarz Artur Pytlik, gospodarz Czes\u0142aw Kurzydym, kronikarz Fryderyk Kamczyk, cz\u0142onek Zarz\u0105du Krzysztof Gorzolnik.<br \/>\nW ostatnich 3 latach jednostka powi\u0119kszy\u0142a sw\u0105 dzia\u0142alno\u015b\u0107. Z inicjatywy naszej jednostki zacz\u0119to organizowa\u0107 zawody Old boj\u00f3w, jednostka nawi\u0105za\u0142a wsp\u00f3\u0142prac\u0119 z dzielnic\u0105 Ostrawy Krasnym Polem. 10 lipca 2006 roku zorganizowano pierwszy festyn stra\u017cacki z wielkim pokazami ratownictwa pod kryptonimem \u201eNa ratunek szkole\u201d. Powsta\u0142a strona internetowa jednostki, za\u015b wszelkie wydarzenia s\u0105 dokumentowane w postaci film\u00f3w i zdj\u0119\u0107. Wzmocniono wsp\u00f3\u0142prac\u0119 z instytucjami spo\u0142ecznymi.<\/p>\n<p>OSP Zawada nale\u017cy do Krajowego Systemu Ratowniczo \u2013 ga\u015bniczego. Jednostka nale\u017cy do najbardziej mobilnych na terenie powiatu wodzis\u0142awskiego, jest wielokrotnie powo\u0142ywana przez PSK Wodzis\u0142aw \u015al\u0105ski do akcji ratowniczo \u2013 ga\u015bniczych. Nasi druhowie bior\u0105 udzia\u0142 w zawodach sportowo \u2013 po\u017carniczych zajmuj\u0105c miejsca na podium. Istnieje r\u00f3wnie\u017c \u017ce\u0144ska dru\u017cyna po\u017carnicza. Ochotnicy prowadz\u0105 r\u00f3wnie\u017c dzia\u0142alno\u015bci prewencyjn\u0105, prowadza pogadanki z dzie\u0107mi na tematy przeciwpo\u017carowe oraz apeluj\u0105 do mieszka\u0144c\u00f3w Zawady za po\u015brednictwem ko\u015bcielne ambony, gazetki oraz strony internetowej.<br \/>\nStra\u017cacy zawsze s\u0142u\u017c\u0105 pomoc\u0105 dzia\u0142aj\u0105cym w Zawadzie instytucjom i poszczeg\u00f3lnym mieszka\u0144com czego dowodem s\u0105 liczne dyplomy i podzi\u0119kowania.<br \/>\n<em>\u00a9 Wszelkie prawa zastrze\u017cone. Wykorzystywanie tego tekstu bez zgody autora zabronione. Materia\u0142 opracowany na podstawie w\u0142asnych bada\u0144 i Kroniki OSP Zawada.<\/em><\/p>\n<\/div>\n","protected":false},"excerpt":{"rendered":"<p>Opracowa\u0142: druh mgr Fryderyk Kamczyk Ochotnicze Stra\u017ce Po\u017carne s\u0105 wa\u017cnym elementem struktury przeciwpo\u017carowej spo\u0142ecze\u0144stwa polskiego. Dzia\u0142alno\u015b\u0107 OSP nie polega jednak wy\u0142\u0105cznie na gaszeniu po\u017car\u00f3w. Przez lata by\u0142a i jest to r\u00f3wnie\u017c dzia\u0142alno\u015b\u0107 spo\u0142eczna i kulturalna. Remiza w wielu obszarach Polski jest dzi\u015b miejscem wydarze\u0144 spo\u0142ecznych, spotka\u0144 instytucji spo\u0142ecznych, oraz miejscem dzia\u0142alno\u015bci kulturalnej. Ochrona po\u017carowa jest [&hellip;]<\/p>\n","protected":false},"author":1,"featured_media":0,"parent":0,"menu_order":0,"comment_status":"closed","ping_status":"closed","template":"","meta":[],"_links":{"self":[{"href":"http:\/\/zawada.osp.org.pl\/index.php?rest_route=\/wp\/v2\/pages\/79"}],"collection":[{"href":"http:\/\/zawada.osp.org.pl\/index.php?rest_route=\/wp\/v2\/pages"}],"about":[{"href":"http:\/\/zawada.osp.org.pl\/index.php?rest_route=\/wp\/v2\/types\/page"}],"author":[{"embeddable":true,"href":"http:\/\/zawada.osp.org.pl\/index.php?rest_route=\/wp\/v2\/users\/1"}],"replies":[{"embeddable":true,"href":"http:\/\/zawada.osp.org.pl\/index.php?rest_route=%2Fwp%2Fv2%2Fcomments&post=79"}],"version-history":[{"count":7,"href":"http:\/\/zawada.osp.org.pl\/index.php?rest_route=\/wp\/v2\/pages\/79\/revisions"}],"predecessor-version":[{"id":1155,"href":"http:\/\/zawada.osp.org.pl\/index.php?rest_route=\/wp\/v2\/pages\/79\/revisions\/1155"}],"wp:attachment":[{"href":"http:\/\/zawada.osp.org.pl\/index.php?rest_route=%2Fwp%2Fv2%2Fmedia&parent=79"}],"curies":[{"name":"wp","href":"https:\/\/api.w.org\/{rel}","templated":true}]}}