{"id":35,"date":"2017-04-29T13:59:46","date_gmt":"2017-04-29T11:59:46","guid":{"rendered":"http:\/\/192.168.0.203\/wordpress\/?page_id=35"},"modified":"2017-10-16T10:28:46","modified_gmt":"2017-10-16T08:28:46","slug":"kontakt","status":"publish","type":"page","link":"http:\/\/zawada.osp.org.pl\/?page_id=35","title":{"rendered":"Kontakt"},"content":{"rendered":"<p>Ochotnicza Stra\u017c Po\u017carna w Zawadzie<\/p>\n<p>ul. M\u0142odzie\u017cowa 196<\/p>\n<p>44-373 Wodzis\u0142aw \u015al\u0105ski<\/p>\n<p>tel. 32 456 11 14<\/p>\n<p>email: <a href=\"mai&#108;&#116;&#111;&#58;&#x6f;&#x73;&#x70;&#x2e;&#x7a;&#x61;&#x77;ada&#64;&#103;&#109;&#97;&#105;&#x6c;&#x2e;&#x63;&#x6f;&#x6d;\">&#x6f;&#x73;&#x70;&#x2e;&#122;&#97;&#119;&#97;da&#64;&#x67;&#x6d;&#x61;&#x69;&#x6c;&#46;&#99;&#111;m<\/a><\/p>\n<p>&nbsp;<\/p>\n","protected":false},"excerpt":{"rendered":"<p>Ochotnicza Stra\u017c Po\u017carna w Zawadzie ul. M\u0142odzie\u017cowa 196 44-373 Wodzis\u0142aw \u015al\u0105ski tel. 32 456 11 14 email: &#x6f;&#x73;&#x70;&#x2e;&#x7a;&#x61;&#x77;&#x61;&#x64;&#x61;&#x40;&#103;&#109;&#97;&#105;&#108;&#46;&#99;om &nbsp;<\/p>\n","protected":false},"author":1,"featured_media":0,"parent":0,"menu_order":0,"comment_status":"closed","ping_status":"closed","template":"","meta":[],"_links":{"self":[{"href":"http:\/\/zawada.osp.org.pl\/index.php?rest_route=\/wp\/v2\/pages\/35"}],"collection":[{"href":"http:\/\/zawada.osp.org.pl\/index.php?rest_route=\/wp\/v2\/pages"}],"about":[{"href":"http:\/\/zawada.osp.org.pl\/index.php?rest_route=\/wp\/v2\/types\/page"}],"author":[{"embeddable":true,"href":"http:\/\/zawada.osp.org.pl\/index.php?rest_route=\/wp\/v2\/users\/1"}],"replies":[{"embeddable":true,"href":"http:\/\/zawada.osp.org.pl\/index.php?rest_route=%2Fwp%2Fv2%2Fcomments&post=35"}],"version-history":[{"count":6,"href":"http:\/\/zawada.osp.org.pl\/index.php?rest_route=\/wp\/v2\/pages\/35\/revisions"}],"predecessor-version":[{"id":1248,"href":"http:\/\/zawada.osp.org.pl\/index.php?rest_route=\/wp\/v2\/pages\/35\/revisions\/1248"}],"wp:attachment":[{"href":"http:\/\/zawada.osp.org.pl\/index.php?rest_route=%2Fwp%2Fv2%2Fmedia&parent=35"}],"curies":[{"name":"wp","href":"https:\/\/api.w.org\/{rel}","templated":true}]}}