{"id":32,"date":"2017-04-29T13:59:25","date_gmt":"2017-04-29T11:59:25","guid":{"rendered":"http:\/\/192.168.0.203\/wordpress\/?page_id=32"},"modified":"2021-03-15T13:23:19","modified_gmt":"2021-03-15T12:23:19","slug":"linki","status":"publish","type":"page","link":"http:\/\/zawada.osp.org.pl\/?page_id=32","title":{"rendered":"Linki"},"content":{"rendered":"<h3 style=\"text-align: center;\"><span style=\"color: #000000;\">OCHOTNICZA STRA\u017b PO\u017bARNA<\/span><\/h3>\n<p><a href=\"http:\/\/www.zosprp.pl\/\" target=\"_blank\" rel=\"noopener\">Zwi\u0105zek Ochotniczych Stra\u017cy Po\u017carnych \u00a0Rzeczypospolitej Polskiej<\/a><\/p>\n<p><a href=\"http:\/\/www.radlin2.osp.org.pl\/\" target=\"_blank\" rel=\"noopener\">Ochotnicza Stra\u017c Po\u017carna w Radlinie II<\/a><\/p>\n<p><a href=\"http:\/\/www.ospkokoszyce.eu\/\" target=\"_blank\" rel=\"noopener\">Ochotnicza Stra\u017c Po\u017carna w Kokoszycach<\/a><\/p>\n<h3 style=\"text-align: center;\"><span style=\"color: #000000;\">PA\u0143STWOWA STRA\u017b PO\u017bARNA<\/span><\/h3>\n<p><a href=\"https:\/\/www.gov.pl\/kgpsp\" target=\"_blank\" rel=\"noopener\">Komenda G\u0142\u00f3wna Pa\u0144stwowej Stra\u017cy Po\u017carnej<\/a><\/p>\n<p><a href=\"https:\/\/www.gov.pl\/kwpsp-katowice\" target=\"_blank\" rel=\"noopener\">Komenda Wojew\u00f3dzka Pa\u0144stwowej Stra\u017cy Po\u017carnej<\/a><\/p>\n<p><a href=\"https:\/\/www.gov.pl\/kppsp-wodzislaw-slaski\" target=\"_blank\" rel=\"noopener\">Komenda Powiatowa Pa\u0144stwowej Stra\u017cy Po\u017carnej w Wodzis\u0142awiu \u015al\u0105skim<\/a><\/p>\n<p><a href=\"http:\/\/www.rybnik.kmpsp.gov.pl\/\" target=\"_blank\" rel=\"noopener\">Komenda Miejska Pa\u0144stwowej Stra\u017cy Po\u017carnej w Rybniku<\/a><\/p>\n<p><a href=\"http:\/\/www.raciborz.kppsp.gov.pl\/\" target=\"_blank\" rel=\"noopener\">Komenda Powiatowa Pa\u0144stwowej Stra\u017cy Po\u017carnej w Raciborzu<\/a><\/p>\n<p><a href=\"http:\/\/straz.jastrzebie.pl\/\" target=\"_blank\" rel=\"noopener\">Komenda Miejska Pa\u0144stwowej Stra\u017cy Po\u017carnej w Jastrz\u0119biu Zdroju<\/a><\/p>\n<h3 style=\"text-align: center;\">REGION<\/h3>\n<p><a href=\"http:\/\/wodzislaw-slaski.pl\/\" target=\"_blank\" rel=\"noopener\">Urz\u0105d Miasta w Wodzis\u0142awiu \u015al\u0105skim<\/a><\/p>\n<p><a href=\"http:\/\/www.powiatwodzislawski.pl\/\" target=\"_blank\" rel=\"noopener\">Starostwo Powiatowe w Wodzis\u0142awiu \u015al\u0105skim<\/a><\/p>\n","protected":false},"excerpt":{"rendered":"<p>OCHOTNICZA STRA\u017b PO\u017bARNA Zwi\u0105zek Ochotniczych Stra\u017cy Po\u017carnych \u00a0Rzeczypospolitej Polskiej Ochotnicza Stra\u017c Po\u017carna w Radlinie II Ochotnicza Stra\u017c Po\u017carna w Kokoszycach PA\u0143STWOWA STRA\u017b PO\u017bARNA Komenda G\u0142\u00f3wna Pa\u0144stwowej Stra\u017cy Po\u017carnej Komenda Wojew\u00f3dzka Pa\u0144stwowej Stra\u017cy Po\u017carnej Komenda Powiatowa Pa\u0144stwowej Stra\u017cy Po\u017carnej w Wodzis\u0142awiu \u015al\u0105skim Komenda Miejska Pa\u0144stwowej Stra\u017cy Po\u017carnej w Rybniku Komenda Powiatowa Pa\u0144stwowej Stra\u017cy Po\u017carnej w Raciborzu [&hellip;]<\/p>\n","protected":false},"author":1,"featured_media":0,"parent":0,"menu_order":0,"comment_status":"closed","ping_status":"closed","template":"","meta":[],"_links":{"self":[{"href":"http:\/\/zawada.osp.org.pl\/index.php?rest_route=\/wp\/v2\/pages\/32"}],"collection":[{"href":"http:\/\/zawada.osp.org.pl\/index.php?rest_route=\/wp\/v2\/pages"}],"about":[{"href":"http:\/\/zawada.osp.org.pl\/index.php?rest_route=\/wp\/v2\/types\/page"}],"author":[{"embeddable":true,"href":"http:\/\/zawada.osp.org.pl\/index.php?rest_route=\/wp\/v2\/users\/1"}],"replies":[{"embeddable":true,"href":"http:\/\/zawada.osp.org.pl\/index.php?rest_route=%2Fwp%2Fv2%2Fcomments&post=32"}],"version-history":[{"count":8,"href":"http:\/\/zawada.osp.org.pl\/index.php?rest_route=\/wp\/v2\/pages\/32\/revisions"}],"predecessor-version":[{"id":1524,"href":"http:\/\/zawada.osp.org.pl\/index.php?rest_route=\/wp\/v2\/pages\/32\/revisions\/1524"}],"wp:attachment":[{"href":"http:\/\/zawada.osp.org.pl\/index.php?rest_route=%2Fwp%2Fv2%2Fmedia&parent=32"}],"curies":[{"name":"wp","href":"https:\/\/api.w.org\/{rel}","templated":true}]}}