{"id":2,"date":"2016-03-25T21:31:58","date_gmt":"2016-03-25T20:31:58","guid":{"rendered":"http:\/\/192.168.0.203\/wordpress\/?page_id=2"},"modified":"2021-07-06T21:24:57","modified_gmt":"2021-07-06T19:24:57","slug":"zarzad-osp-zawada","status":"publish","type":"page","link":"http:\/\/zawada.osp.org.pl\/?page_id=2","title":{"rendered":"Zarz\u0105d Ochotniczej Stra\u017cy Po\u017carnej w Zawadzie"},"content":{"rendered":"<h3 style=\"text-align: center;\"><\/h3>\n<table  class=\" table table-hover\" border=\"0\" width=\"100%\" align=\"center\">\n<tbody>\n<tr>\n<td width=\"75\"><img loading=\"lazy\" class=\"alignnone size-full wp-image-57\" src=\"\/wp-content\/uploads\/2016\/03\/anonim-e1493493993597.jpg\" alt=\"\" width=\"75\" height=\"100\" \/><\/td>\n<td>PREZES<\/td>\n<td>dh Janusz Rassek<\/td>\n<\/tr>\n<tr>\n<td width=\"75\"><img loading=\"lazy\" class=\"alignnone size-full wp-image-57\" src=\"\/wp-content\/uploads\/2016\/03\/anonim-e1493493993597.jpg\" alt=\"\" width=\"75\" height=\"100\" \/><\/td>\n<td>WICEPREZES\/NACZELNIK<\/td>\n<td>dh Dawid Klich<\/td>\n<\/tr>\n<tr>\n<td width=\"75\"><img loading=\"lazy\" class=\"alignnone size-full wp-image-57\" src=\"\/wp-content\/uploads\/2016\/03\/anonim-e1493493993597.jpg\" alt=\"\" width=\"75\" height=\"100\" \/><\/td>\n<td>\u00a0ZAST\u0118PCA NACZELNIKA<\/td>\n<td>\u00a0dh Tomasz Ba\u0144czyk<\/td>\n<\/tr>\n<tr>\n<td width=\"75\"><img loading=\"lazy\" class=\"alignnone size-full wp-image-57\" src=\"\/wp-content\/uploads\/2016\/03\/anonim-e1493493993597.jpg\" alt=\"\" width=\"75\" height=\"100\" \/><\/td>\n<td>SEKRETARZ<\/td>\n<td>dh \u0141ukasz Pytlik<\/td>\n<\/tr>\n<tr>\n<td width=\"75\"><img loading=\"lazy\" class=\"alignnone size-full wp-image-57\" src=\"\/wp-content\/uploads\/2016\/03\/anonim-e1493493993597.jpg\" alt=\"\" width=\"75\" height=\"100\" \/><\/td>\n<td>SKARBNIK<\/td>\n<td>dh Tadeusz Daiczmanek<\/td>\n<\/tr>\n<tr>\n<td width=\"75\"><img loading=\"lazy\" class=\"alignnone size-full wp-image-57\" src=\"\/wp-content\/uploads\/2016\/03\/anonim-e1493493993597.jpg\" alt=\"\" width=\"75\" height=\"100\" \/><\/td>\n<td>GOSPODARZ<\/td>\n<td>dh Jakub Anio\u0142<\/td>\n<\/tr>\n<tr>\n<td width=\"75\"><img loading=\"lazy\" class=\"alignnone size-full wp-image-57\" src=\"\/wp-content\/uploads\/2016\/03\/anonim-e1493493993597.jpg\" alt=\"\" width=\"75\" height=\"100\" \/><\/td>\n<td>CZ\u0141ONEK ZARZ\u0104DU<\/td>\n<td>dh Henryk Rassek<\/td>\n<\/tr>\n<tr>\n<td width=\"75\"><img loading=\"lazy\" class=\"alignnone size-full wp-image-57\" src=\"\/wp-content\/uploads\/2016\/03\/anonim-e1493493993597.jpg\" alt=\"\" width=\"75\" height=\"100\" \/><\/td>\n<td>CZ\u0141ONEK ZARZ\u0104DU<\/td>\n<td>dh Tomasz K\u0142osek<\/td>\n<\/tr>\n<tr>\n<td width=\"75\"><img loading=\"lazy\" class=\"alignnone size-full wp-image-57\" src=\"\/wp-content\/uploads\/2016\/03\/anonim-e1493493993597.jpg\" alt=\"\" width=\"75\" height=\"100\" \/><\/td>\n<td>CZ\u0141ONEK ZARZ\u0104DU<\/td>\n<td>dh B\u0142a\u017cej Lach<\/td>\n<\/tr>\n<\/tbody>\n<\/table>\n<h3 style=\"text-align: center;\"><span style=\"color: #000000;\">Komisja Rewizyjna<\/span><\/h3>\n<table  class=\" table table-hover\" border=\"0\" width=\"100%\" align=\"center\">\n<tbody>\n<tr>\n<td width=\"75\"><img loading=\"lazy\" class=\"alignnone size-full wp-image-57\" src=\"\/wp-content\/uploads\/2016\/03\/anonim-e1493493993597.jpg\" alt=\"\" width=\"75\" height=\"100\" \/><\/td>\n<td>PRZEWODNICZ\u0104CY<\/td>\n<td>dh Jan Czy\u017cak<\/td>\n<\/tr>\n<tr>\n<td width=\"75\"><img loading=\"lazy\" class=\"alignnone size-full wp-image-57\" src=\"\/wp-content\/uploads\/2016\/03\/anonim-e1493493993597.jpg\" alt=\"\" width=\"75\" height=\"100\" \/><\/td>\n<td>SEKRETARZ<\/td>\n<td>dh Marek Szadurski<\/td>\n<\/tr>\n<tr>\n<td width=\"75\"><img loading=\"lazy\" class=\"alignnone size-full wp-image-57\" src=\"\/wp-content\/uploads\/2016\/03\/anonim-e1493493993597.jpg\" alt=\"\" width=\"75\" height=\"100\" \/><\/td>\n<td>CZ\u0141ONEK<\/td>\n<td>dh Jaros\u0142aw Pietrasz<\/td>\n<\/tr>\n<\/tbody>\n<\/table>\n","protected":false},"excerpt":{"rendered":"<p>PREZES dh Janusz Rassek WICEPREZES\/NACZELNIK dh Dawid Klich \u00a0ZAST\u0118PCA NACZELNIKA \u00a0dh Tomasz Ba\u0144czyk SEKRETARZ dh \u0141ukasz Pytlik SKARBNIK dh Tadeusz Daiczmanek GOSPODARZ dh Jakub Anio\u0142 CZ\u0141ONEK ZARZ\u0104DU dh Henryk Rassek CZ\u0141ONEK ZARZ\u0104DU dh Tomasz K\u0142osek CZ\u0141ONEK ZARZ\u0104DU dh B\u0142a\u017cej Lach Komisja Rewizyjna PRZEWODNICZ\u0104CY dh Jan Czy\u017cak SEKRETARZ dh Marek Szadurski CZ\u0141ONEK dh Jaros\u0142aw Pietrasz<\/p>\n","protected":false},"author":1,"featured_media":0,"parent":0,"menu_order":0,"comment_status":"closed","ping_status":"open","template":"","meta":[],"_links":{"self":[{"href":"http:\/\/zawada.osp.org.pl\/index.php?rest_route=\/wp\/v2\/pages\/2"}],"collection":[{"href":"http:\/\/zawada.osp.org.pl\/index.php?rest_route=\/wp\/v2\/pages"}],"about":[{"href":"http:\/\/zawada.osp.org.pl\/index.php?rest_route=\/wp\/v2\/types\/page"}],"author":[{"embeddable":true,"href":"http:\/\/zawada.osp.org.pl\/index.php?rest_route=\/wp\/v2\/users\/1"}],"replies":[{"embeddable":true,"href":"http:\/\/zawada.osp.org.pl\/index.php?rest_route=%2Fwp%2Fv2%2Fcomments&post=2"}],"version-history":[{"count":18,"href":"http:\/\/zawada.osp.org.pl\/index.php?rest_route=\/wp\/v2\/pages\/2\/revisions"}],"predecessor-version":[{"id":1536,"href":"http:\/\/zawada.osp.org.pl\/index.php?rest_route=\/wp\/v2\/pages\/2\/revisions\/1536"}],"wp:attachment":[{"href":"http:\/\/zawada.osp.org.pl\/index.php?rest_route=%2Fwp%2Fv2%2Fmedia&parent=2"}],"curies":[{"name":"wp","href":"https:\/\/api.w.org\/{rel}","templated":true}]}}