{"id":1162,"date":"2017-05-03T23:37:33","date_gmt":"2017-05-03T21:37:33","guid":{"rendered":"http:\/\/kch.synology.me\/?page_id=1162"},"modified":"2017-05-24T16:41:13","modified_gmt":"2017-05-24T14:41:13","slug":"1162-2","status":"publish","type":"page","link":"http:\/\/zawada.osp.org.pl\/?page_id=1162","title":{"rendered":"Owady b\u0142onkoskrzyd\u0142e"},"content":{"rendered":"<p style=\"text-align: center;\"><em>Komenda Powiatowa Pa\u0144stwowej Stra\u017cy Po\u017carnej w Wodzis\u0142awiu \u015al\u0105skim ,<\/em><br \/>\n<em> apeluje o zachowanie ostro\u017cno\u015bci<\/em><br \/>\n<em> podczas usuwania zagro\u017ce\u0144 zwi\u0105zanych z w\/w owadami !!!<\/em><\/p>\n<p>Komenda Powiatowa Pa\u0144stwowej Stra\u017cy Po\u017carnej w Wodzis\u0142awiu \u015al\u0105skim informuje, i\u017c na terenie ca\u0142ego kraju wdro\u017cone zosta\u0142y przez Komendanta G\u0142\u00f3wnego PSP nowe \u201eZasady post\u0119powania podczas interwencji prowadzonych w zwi\u0105zku ze zg\u0142oszeniem wyst\u0105pienia zagro\u017ce\u0144 od roj\u00f3w lub gniazd owad\u00f3w b\u0142onkoskrzyd\u0142ych\u201d. Wprowadzone procedury maj\u0105 za zadanie ujednolicenie sposobu post\u0119powania przez Pa\u0144stwow\u0105 Stra\u017c Po\u017carn\u0105 przy przyjmowaniu zg\u0142osze\u0144 i podejmowaniu ewentualnych interwencji zwi\u0105zanych z zagro\u017ceniami powodowanymi przez osy, szerszenie, roje pszcz\u00f3\u0142 oraz ograniczenie dzia\u0142a\u0144 w bardzo licznych przypadkach bezzasadnych zg\u0142osze\u0144.<\/p>\n<p>Interwencje PSP podejmowane b\u0119d\u0105 w razie stwierdzenia bezpo\u015bredniego zagro\u017cenia dla \u017cycia ludzi ze strony owad\u00f3w i najcz\u0119\u015bciej b\u0119dzie to dotyczy\u0107 obiekt\u00f3w w kt\u00f3rych przebywaj\u0105 grupy dzieci lub os\u00f3b o ograniczonej zdolno\u015bci poruszania si\u0119. W takich przypadkach przewiduje si\u0119 dora\u017an\u0105 ewakuacj\u0119 tych os\u00f3b poza stref\u0119 zagro\u017cenia i podj\u0119cie niezb\u0119dnych dzia\u0142a\u0144 zmierzaj\u0105cych do usuni\u0119cia owad\u00f3w.<\/p>\n<p>Dy\u017curny operacyjny stanowiska kierowania Pa\u0144stwowej Stra\u017cy Po\u017carnej przyjmuj\u0105c zg\u0142oszenie b\u0119dzie je wnikliwie analizowa\u0107 i mo\u017ce uzna\u0107 interwencj\u0119 zespo\u0142u ratownik\u00f3w stra\u017cy po\u017carnej za bezzasadn\u0105 &#8211; brak bezpo\u015bredniego zagro\u017cenia zdrowia lub \u017cycia ludzi. W\u00f3wczas zaproponuje zg\u0142aszaj\u0105cemu alternatywne rozwi\u0105zanie, kieruj\u0105c go do wyspecjalizowanych firm zajmuj\u0105cych si\u0119 likwidacj\u0105 gniazd tych owad\u00f3w.<\/p>\n<p>W uzasadnionych okoliczno\u015bciach prowadzone mog\u0105 by\u0107 dzia\u0142ania polegaj\u0105ce m.in. na:<\/p>\n<p>ewakuacja os\u00f3b ze strefy zagro\u017cenia,<br \/>\noznakowaniu i zabezpieczeniu tej strefy,<br \/>\npoinformowaniu w\u0142a\u015bciciela, zarz\u0105dcy lub u\u017cytkownika obiektu o wyst\u0105pieniu roju lub gniazda wraz z informacj\u0105 o konieczno\u015bci likwidacji gniazda przez specjalistyczn\u0105 firm\u0119 dezynsekcyjn\u0105,<br \/>\npisemnym przekazaniu miejsca zdarzenia z zaleceniem, w my\u015bl art. 61 ustawy &#8222;Prawo budowlane&#8221;, zapewnia dalszego bezpiecznego u\u017cytkowania obiektu.<\/p>\n<p>Aby pozby\u0107 si\u0119 niepo\u017c\u0105danych owad\u00f3w w\u0142a\u015bciciele na swoich posesjach powinni prowadzi\u0107 dzia\u0142ania prewencyjne. \u0141atwiej bowiem jest zapobiega\u0107 ni\u017c walczy\u0107 z ju\u017c za\u0142o\u017con\u0105 koloni\u0105 szerszeni czy os. Aby zniech\u0119ci\u0107 je do zak\u0142adania kolonii, nale\u017cy wiosn\u0105 przegl\u0105da\u0107 szopy, altanki, poddasza budynk\u00f3w mieszkalnych i usuwa\u0107 z nich zauwa\u017cone zacz\u0105tki gniazd. Wszystkie otwory w budynku, kt\u00f3rymi mog\u0105 przedosta\u0107 si\u0119 do \u015brodka warto odpowiednio zabezpieczy\u0107, gdy\u017c odnotowywali\u015bmy te\u017c liczne przypadki zg\u0142aszania konieczno\u015bci naszej interwencji dok\u0142adnie w tych samych miejscach.<\/p>\n<p>W zwi\u0105zku z powy\u017cszym, zwracamy si\u0119 z apelem o wi\u0119ksz\u0105 rozwag\u0119 przy zg\u0142aszaniu potrzeby naszej interwencji.<\/p>\n<p>Dane kontaktowe niekt\u00f3rych firm zajmuj\u0105cych si\u0119 osuwaniem owad\u00f3w b\u0142onkoskrzyd\u0142ych znajduj\u0105 si\u0119 na stronie\u00a0<a href=\"http:\/\/www.straz.wodzislaw.pl\/index.php\/porady\/29-owady-blonkoskrzydle\" target=\"_blank\" rel=\"noopener noreferrer\">KP PSP w Wodzis\u0142awiu \u015al\u0105skim<\/a>.<br \/>\nWszelkie koszty dotycz\u0105ce usuni\u0119cia owad\u00f3w pokrywa osoba zg\u0142aszaj\u0105ca.<\/p>\n<p>\u0179r\u00f3d\u0142o:\u00a0<a href=\"http:\/\/www.straz.wodzislaw.pl\/index.php\/porady\/29-owady-blonkoskrzydle\" target=\"_blank\" rel=\"noopener noreferrer\">http:\/\/www.straz.wodzislaw.pl\/index.php\/porady\/29-owady-blonkoskrzydle<\/a><\/p>\n","protected":false},"excerpt":{"rendered":"<p>Komenda Powiatowa Pa\u0144stwowej Stra\u017cy Po\u017carnej w Wodzis\u0142awiu \u015al\u0105skim , apeluje o zachowanie ostro\u017cno\u015bci podczas usuwania zagro\u017ce\u0144 zwi\u0105zanych z w\/w owadami !!! Komenda Powiatowa Pa\u0144stwowej Stra\u017cy Po\u017carnej w Wodzis\u0142awiu \u015al\u0105skim informuje, i\u017c na terenie ca\u0142ego kraju wdro\u017cone zosta\u0142y przez Komendanta G\u0142\u00f3wnego PSP nowe \u201eZasady post\u0119powania podczas interwencji prowadzonych w zwi\u0105zku ze zg\u0142oszeniem wyst\u0105pienia zagro\u017ce\u0144 od roj\u00f3w [&hellip;]<\/p>\n","protected":false},"author":1,"featured_media":0,"parent":0,"menu_order":0,"comment_status":"closed","ping_status":"closed","template":"","meta":[],"_links":{"self":[{"href":"http:\/\/zawada.osp.org.pl\/index.php?rest_route=\/wp\/v2\/pages\/1162"}],"collection":[{"href":"http:\/\/zawada.osp.org.pl\/index.php?rest_route=\/wp\/v2\/pages"}],"about":[{"href":"http:\/\/zawada.osp.org.pl\/index.php?rest_route=\/wp\/v2\/types\/page"}],"author":[{"embeddable":true,"href":"http:\/\/zawada.osp.org.pl\/index.php?rest_route=\/wp\/v2\/users\/1"}],"replies":[{"embeddable":true,"href":"http:\/\/zawada.osp.org.pl\/index.php?rest_route=%2Fwp%2Fv2%2Fcomments&post=1162"}],"version-history":[{"count":5,"href":"http:\/\/zawada.osp.org.pl\/index.php?rest_route=\/wp\/v2\/pages\/1162\/revisions"}],"predecessor-version":[{"id":1189,"href":"http:\/\/zawada.osp.org.pl\/index.php?rest_route=\/wp\/v2\/pages\/1162\/revisions\/1189"}],"wp:attachment":[{"href":"http:\/\/zawada.osp.org.pl\/index.php?rest_route=%2Fwp%2Fv2%2Fmedia&parent=1162"}],"curies":[{"name":"wp","href":"https:\/\/api.w.org\/{rel}","templated":true}]}}