{"id":1158,"date":"2017-05-03T23:27:24","date_gmt":"2017-05-03T21:27:24","guid":{"rendered":"http:\/\/kch.synology.me\/?page_id=1158"},"modified":"2017-05-03T23:27:24","modified_gmt":"2017-05-03T21:27:24","slug":"stop-pozarom-traw","status":"publish","type":"page","link":"http:\/\/zawada.osp.org.pl\/?page_id=1158","title":{"rendered":"\u201eStop po\u017carom traw\u201d!"},"content":{"rendered":"<p>Ka\u017cdego roku kiedy zimowa aura ust\u0119puje wiosennemu ciep\u0142u odnotowywana jest zwi\u0119kszona ilo\u015b\u0107 zg\u0142osze\u0144 po\u017car\u00f3w suchej trawy na pastwiskach, \u0142\u0105kach czy te\u017c nieu\u017cytkach. I cho\u0107 zdarzaj\u0105 si\u0119 przypadki, \u017ce ogie\u0144 zapr\u00f3szony zostaje przez wadliwe urz\u0105dzenia rolnicze to niestety wi\u0119kszo\u015b\u0107 z tego typu po\u017car\u00f3w traw powstaje w wyniku \u015bwiadomego podpalenia przez ludzi. Wbrew stereotypom takie dzia\u0142ania nie u\u017cy\u017aniaj\u0105 gleby, a wr\u0119cz przeciwnie maj\u0105 niszcz\u0105cy wp\u0142yw zabijaj\u0105c drobn\u0105 zwierzyn\u0119 \u017cyj\u0105c\u0105 w zaro\u015blach, czy te\u017c po\u017cyteczne owady.<\/p>\n<p>Podpalanie suchych pozosta\u0142o\u015bci ro\u015blinnych jest nie do\u015b\u0107, \u017ce szkodliwe dla \u015brodowiska to co r\u00f3wnie wa\u017cne tak\u017ce zabronione prawnie. Odwo\u0142uje si\u0119 do tego ustawa z dnia 16 kwietnia 2004r. o ochronie przyrody (Dz. U. nr 92, poz. 8), art. 124. &#8222;Zabrania si\u0119 wypalania \u0142\u0105k, pastwisk, nieu\u017cytk\u00f3w, row\u00f3w, pas\u00f3w przydro\u017cnych, szlak\u00f3w kolejowych oraz trzcinowisk i szuwar\u00f3w&#8221;. W zwi\u0105zku z tym, ka\u017cda osoba \u0142ami\u0105ca zapisy tej ustawy podlega karze zgodnej z Art. 131: &#8222;Kto&#8230;wypala \u0142\u0105ki, pastwiska, nieu\u017cytki, rowy, pasy przydro\u017cne, szlaki kolejowe, trzcinowiska lub szuwary&#8230; &#8211; podlega karze aresztu albo grzywny&#8221;. Art. 30 ust. 3 pkt. 3 Ustawa z dnia 28 wrze\u015bnia 1991r. o lasach (t.j. Dz. U. z 2005 r. nr 45, poz. 435 ze zmianami); &#8222;w lasach oraz na terenach \u015br\u00f3dle\u015bnych, jak r\u00f3wnie\u017c w odleg\u0142o\u015bci do 100 m od granicy lasu, zabrania si\u0119 dzia\u0142a\u0144 i czynno\u015bci mog\u0105cych wywo\u0142a\u0107 niebezpiecze\u0144stwo, a w szczeg\u00f3lno\u015bci:<\/p>\n<p>1. rozniecenia poza miejscami wyznaczonymi do tego celu przez w\u0142a\u015bciciela lasu lub nadle\u015bniczego,<br \/>\n2. korzystania z otwartego p\u0142omienia,<br \/>\n3. wypalania wierzchniej warstwy gleby i pozosta\u0142o\u015bci ro\u015blinnych&#8221;.<\/p>\n<p>Tego typu wykroczenia karane s\u0105 surowymi sankcjami: Art. 82, \u00a7 1 ustawy z dnia 20 maja 1971r. Kodeksu wykrocze\u0144 (Dz. U. z 1971 Nr 12, poz.114 ze zmianami) \u2013 kara aresztu, nagany lub grzywny, kt\u00f3rej wysoko\u015b\u0107 w my\u015bl art. 24, \u00a7 1 mo\u017ce wynosi\u0107 od 20 do 5000 z\u0142. Art. 163. \u00a7 1 ustawy z dnia 6 czerwca 1997 r. Kodeks karny (Dz. U. z 1997r. Nr 88 poz. 553 ze zmianami) stanowi: \u201eKto sprowadza zdarzenie, kt\u00f3re zagra\u017ca \u017cyciu lub zdrowiu wielu os\u00f3b albo mieniu w wielkich rozmiarach, maj\u0105ce posta\u0107 po\u017caru, podlega karze pozbawienia wolno\u015bci od roku do lat 10\u201d.<\/p>\n<p>Nale\u017cy tak\u017ce zda\u0107 sobie spraw\u0119, \u017ce po\u017cary traw, b\u0105d\u017a te\u017c suchych pozosta\u0142o\u015bci ro\u015blinnych mog\u0105 zagra\u017ca\u0107 zwierz\u0119tom i ludziom. W czasie po\u017caru kiedy zadymienie jest spore zwierz\u0119ta domowe mog\u0105 zatraci\u0107 orientacj\u0119, zbli\u017cy\u0107 na niebezpieczn\u0105 odleg\u0142o\u015b\u0107 do p\u0142omieni i ulec poparzeniu. Wypadkom w czasie po\u017car\u00f3w traw ulegaj\u0105 tak\u017ce ludzie, niejednokrotnie ci kt\u00f3rzy zapr\u00f3szyli ogie\u0144.<\/p>\n<p>Ponadto nale\u017cy tak\u017ce pami\u0119ta\u0107, \u017ce anga\u017cuj\u0105c stra\u017cak\u00f3w do walki z po\u017carami traw op\u00f3\u017ania si\u0119 ich wyjazd do innych zdarze\u0144 jak wypadki czy po\u017cary zagra\u017caj\u0105ce bezpo\u015brednio zdrowiu czy te\u017c \u017cyciu ludzkiemu.<\/p>\n","protected":false},"excerpt":{"rendered":"<p>Ka\u017cdego roku kiedy zimowa aura ust\u0119puje wiosennemu ciep\u0142u odnotowywana jest zwi\u0119kszona ilo\u015b\u0107 zg\u0142osze\u0144 po\u017car\u00f3w suchej trawy na pastwiskach, \u0142\u0105kach czy te\u017c nieu\u017cytkach. I cho\u0107 zdarzaj\u0105 si\u0119 przypadki, \u017ce ogie\u0144 zapr\u00f3szony zostaje przez wadliwe urz\u0105dzenia rolnicze to niestety wi\u0119kszo\u015b\u0107 z tego typu po\u017car\u00f3w traw powstaje w wyniku \u015bwiadomego podpalenia przez ludzi. Wbrew stereotypom takie dzia\u0142ania nie [&hellip;]<\/p>\n","protected":false},"author":1,"featured_media":0,"parent":0,"menu_order":0,"comment_status":"closed","ping_status":"closed","template":"","meta":[],"_links":{"self":[{"href":"http:\/\/zawada.osp.org.pl\/index.php?rest_route=\/wp\/v2\/pages\/1158"}],"collection":[{"href":"http:\/\/zawada.osp.org.pl\/index.php?rest_route=\/wp\/v2\/pages"}],"about":[{"href":"http:\/\/zawada.osp.org.pl\/index.php?rest_route=\/wp\/v2\/types\/page"}],"author":[{"embeddable":true,"href":"http:\/\/zawada.osp.org.pl\/index.php?rest_route=\/wp\/v2\/users\/1"}],"replies":[{"embeddable":true,"href":"http:\/\/zawada.osp.org.pl\/index.php?rest_route=%2Fwp%2Fv2%2Fcomments&post=1158"}],"version-history":[{"count":1,"href":"http:\/\/zawada.osp.org.pl\/index.php?rest_route=\/wp\/v2\/pages\/1158\/revisions"}],"predecessor-version":[{"id":1159,"href":"http:\/\/zawada.osp.org.pl\/index.php?rest_route=\/wp\/v2\/pages\/1158\/revisions\/1159"}],"wp:attachment":[{"href":"http:\/\/zawada.osp.org.pl\/index.php?rest_route=%2Fwp%2Fv2%2Fmedia&parent=1158"}],"curies":[{"name":"wp","href":"https:\/\/api.w.org\/{rel}","templated":true}]}}