{"id":1143,"date":"2017-05-03T22:24:31","date_gmt":"2017-05-03T20:24:31","guid":{"rendered":"http:\/\/kch.synology.me\/?page_id=1143"},"modified":"2017-05-03T22:24:31","modified_gmt":"2017-05-03T20:24:31","slug":"wyposazenie","status":"publish","type":"page","link":"http:\/\/zawada.osp.org.pl\/?page_id=1143","title":{"rendered":"Wyposa\u017cenie"},"content":{"rendered":"<p>Jednostka OSP Zawada dysponuje remiz\u0105 z trzema boksami gara\u017cowymi, sal\u0105, kuchni\u0105, a tak\u017ce innymi pomieszczeniami niezb\u0119dnymi dla prawid\u0142owej dzia\u0142alno\u015bci. Podstawowym wyposa\u017ceniem ka\u017cdej jednostki OSP jest samoch\u00f3d ga\u015bniczy. OSP Zawada posiada \u015bredni w\u00f3z ga\u015bniczy marki Star o pojemno\u015bci 2, 5 ty\u015b litr\u00f3w wody i wydajno\u015bci autopompy 1600 litr\u00f3w na minut\u0119. Samoch\u00f3d zosta\u0142 przekazany w latach 80 &#8211; tych przez \u00f3wczesn\u0105 Zawodow\u0105 Stra\u017c Po\u017carn\u0105 z Wodzis\u0142awia \u015al\u0105skiego, gdzie pe\u0142ni\u0142 funkcj\u0119 samochodu pierwszego wyjazdu. Na wyposa\u017ceniu wozu bojowego pr\u00f3cz armatury wodno-pianowej znajduje si\u0119 agregat pr\u0105dotw\u00f3rczy i aparaty powietrzne. Ka\u017cdy stra\u017cak bior\u0105cy udzia\u0142 w akcjach ratowniczo-ga\u015bniczych posiada w\u0142asne, indywidualne ubranie typu nomex oraz inne wyposa\u017cenie ochrony indywidualnej takie jak: he\u0142m, r\u0119kawice specjalne, buty specjalne, kominiarka. Ponadto stra\u017cacy maj\u0105 r\u00f3wnie\u017c do dyspozycji ubrania koszarowe.<br \/>\nOd 1 wrze\u015bnia 2008 roku na wyposa\u017ceniu jednostki jest fabrycznie nowy samoch\u00f3d \u015bredni MAN GBA 2,5\/16 \u00a0na zabudowie firmy Stolarczyk, posiadaj\u0105cy na wyposa\u017ceniu mi\u0119dzy innymi urz\u0105dzenie hydrauliczne do ratownictwa drogowego firmy Holmatro, zestaw ratowniczy PSP-R1.<\/p>\n","protected":false},"excerpt":{"rendered":"<p>Jednostka OSP Zawada dysponuje remiz\u0105 z trzema boksami gara\u017cowymi, sal\u0105, kuchni\u0105, a tak\u017ce innymi pomieszczeniami niezb\u0119dnymi dla prawid\u0142owej dzia\u0142alno\u015bci. Podstawowym wyposa\u017ceniem ka\u017cdej jednostki OSP jest samoch\u00f3d ga\u015bniczy. OSP Zawada posiada \u015bredni w\u00f3z ga\u015bniczy marki Star o pojemno\u015bci 2, 5 ty\u015b litr\u00f3w wody i wydajno\u015bci autopompy 1600 litr\u00f3w na minut\u0119. Samoch\u00f3d zosta\u0142 przekazany w latach 80 [&hellip;]<\/p>\n","protected":false},"author":1,"featured_media":0,"parent":0,"menu_order":0,"comment_status":"closed","ping_status":"closed","template":"","meta":[],"_links":{"self":[{"href":"http:\/\/zawada.osp.org.pl\/index.php?rest_route=\/wp\/v2\/pages\/1143"}],"collection":[{"href":"http:\/\/zawada.osp.org.pl\/index.php?rest_route=\/wp\/v2\/pages"}],"about":[{"href":"http:\/\/zawada.osp.org.pl\/index.php?rest_route=\/wp\/v2\/types\/page"}],"author":[{"embeddable":true,"href":"http:\/\/zawada.osp.org.pl\/index.php?rest_route=\/wp\/v2\/users\/1"}],"replies":[{"embeddable":true,"href":"http:\/\/zawada.osp.org.pl\/index.php?rest_route=%2Fwp%2Fv2%2Fcomments&post=1143"}],"version-history":[{"count":1,"href":"http:\/\/zawada.osp.org.pl\/index.php?rest_route=\/wp\/v2\/pages\/1143\/revisions"}],"predecessor-version":[{"id":1144,"href":"http:\/\/zawada.osp.org.pl\/index.php?rest_route=\/wp\/v2\/pages\/1143\/revisions\/1144"}],"wp:attachment":[{"href":"http:\/\/zawada.osp.org.pl\/index.php?rest_route=%2Fwp%2Fv2%2Fmedia&parent=1143"}],"curies":[{"name":"wp","href":"https:\/\/api.w.org\/{rel}","templated":true}]}}