{"id":1070,"date":"2017-04-30T09:38:48","date_gmt":"2017-04-30T07:38:48","guid":{"rendered":"http:\/\/kch.synology.me\/?page_id=1070"},"modified":"2018-08-04T12:14:20","modified_gmt":"2018-08-04T10:14:20","slug":"zostan-strazakiem-osp-zawada","status":"publish","type":"page","link":"http:\/\/zawada.osp.org.pl\/?page_id=1070","title":{"rendered":"Zosta\u0144 stra\u017cakiem OSP Zawada"},"content":{"rendered":"<div style=\"border-bottom-width: 1px; border-bottom-style: solid; border-bottom-color: #9cafc4; margin: 0px auto 5px; position: relative; z-index: 1; padding: 1px; font-family: Verdana, Geneva, Arial, Helvetica, sans-serif; font-size: 13px;\">\n<h2 style=\"margin: 5px 10px; padding: 0px; font-size: 26px; font-family: 'Trebuchet MS', Arial, Helvetica, sans-serif; line-height: 31.2px; text-align: center;\"><strong style=\"font-size: 14pt; text-align: center; font-family: Verdana, Geneva, Arial, Helvetica, sans-serif; line-height: 22.75px;\">Je\u015bli chcesz sta\u0107 si\u0119 jednym z tych, kt\u00f3rzy bezinteresownie pomagaj\u0105 innym, lubisz dreszczyk emocji i adrenalin\u0119<\/strong><\/h2>\n<\/div>\n<div style=\"font-size: 13px; font-family: Verdana, Geneva, Arial, Helvetica, sans-serif; line-height: 22.75px;\">\n<p style=\"margin: 13px 0px; padding: 0px; text-align: center;\"><span style=\"font-size: 14pt;\"><strong>Wspom\u00f3\u017c nas swoj\u0105 osob\u0105 i wst\u0105p w szeregi OSP Zawada<\/strong><\/span><\/p>\n<p style=\"margin: 13px 0px; padding: 0px;\">Ka\u017cdy mo\u017ce zosta\u0107 cz\u0142onkiem jednostki ochotniczej stra\u017cy po\u017carnej. Aby stra\u017cak m\u00f3g\u0142 bra\u0107 udzia\u0142 w dzia\u0142aniach ratowniczo-ga\u015bniczych musi mie\u0107 uko\u0144czone 18 lat, zosta\u0107 przebadany przez lekarza medycyny pracy oraz odby\u0107 szkolenie po\u017carnicze. Stra\u017cacy czynni s\u0105 ubezpieczeni od nast\u0119pstw, skutk\u00f3w nieszcz\u0119\u015bliwych wypadk\u00f3w.<\/p>\n<p style=\"margin: 13px 0px; padding: 0px;\">Cz\u0142onkiem m\u0142odzie\u017cowej dru\u017cyny po\u017carniczej mog\u0105 zosta\u0107 wszyscy poni\u017cej 18 roku \u017cycia po uzyskaniu stosownej zgody opiekuna prawnego.<\/p>\n<p><!--more--><\/p>\n<p style=\"margin: 13px 0px; padding: 0px;\"><span style=\"text-decoration: underline;\"><strong><span style=\"font-size: 12pt;\">Procedura przyj\u0119cia w szeregi OSP:<\/span><\/strong><\/span><\/p>\n<p style=\"margin: 13px 0px; padding: 0px;\">1. Wype\u0142ni\u0107 deklaracj\u0119 wst\u0105pienia do OSP (<a href=\"http:\/\/zawada.osp.org.pl\/?attachment_id=1361\">plik do pobrania<\/a>), kt\u00f3rej przyj\u0119cie przez cz\u0142onka zarz\u0105du rozpoczyna okres kandydacki.<br \/>\n2.W okresie kandydackim zapoznajesz si\u0119 ze specyfik\u0105 jednostki, wyposa\u017ceniem, obs\u0142ug\u0105 podstawowego sprz\u0119tu po\u017carniczego i jego konserwacj\u0105, a tak\u017ce wykonujesz prace u\u017cyteczne dla stowarzyszenia, jakim jest OSP, kt\u00f3ra ma charakter organizacji &#8222;non profit&#8221;.<\/p>\n<p style=\"margin: 13px 0px; padding: 0px;\">Za twoj\u0105 prac\u0119 musz\u0105 zatem wystarczy\u0107:<\/p>\n<p style=\"margin: 13px 0px 13px 30px; padding: 0px;\">&#8211; u\u015bcisk d\u0142oni prezesa,<br \/>\n&#8211; pochwa\u0142a wzrokowa,<br \/>\n&#8211; wdzi\u0119czno\u015b\u0107 koleg\u00f3w, itp.<\/p>\n<p style=\"margin: 13px 0px; padding: 0px;\">Zostaj\u0105c stra\u017cakiem nabywasz wiele uprawnie\u0144. Nagr\u00f3d dla stra\u017caka jest tak\u017ce wiele:<\/p>\n<p style=\"margin: 13px 0px 13px 30px; padding: 0px;\">&#8211; godno\u015b\u0107 noszenia munduru,<br \/>\n&#8211; zazdrosne spojrzenia koleg\u00f3w &#8211; kiedy paradujesz w mundurze,<br \/>\n&#8211; zalotne spojrzenia dziewcz\u0105t (a je\u015bli nosisz sp\u00f3dnic\u0119, to ca\u0142e grono wielbicieli),<br \/>\n&#8211; d\u017awi\u0119k syreny (sms z informacj\u0105 o alarmie) wyrywaj\u0105cy od kolacji albo z wanny,<br \/>\n&#8211; przemoczone ubrania,<br \/>\n&#8211; nieprzespane noce, itp.<\/p>\n<p style=\"margin: 13px 0px; padding: 0px;\">Kolejnym krokiem jest z\u0142o\u017cenie \u015blubowania. Po nim zostaje tylko za\u0142o\u017cy\u0107 mundur i rozpocz\u0105\u0107 mozolne szkolenie po\u017carnicze.<\/p>\n<p style=\"margin: 13px 0px; padding: 0px; text-align: center;\"><span style=\"font-size: 12pt;\"><strong>Nie czekaj i decyzj\u0119 podejmij teraz<\/strong><\/span><\/p>\n<p style=\"margin: 13px 0px; padding-top: 0px; padding-right: 0px; padding-bottom: 0px;\"><strong>Deklaracja wst\u0105pienia do OSP<\/strong>\u00a0&#8211;\u00a0<a style=\"margin: 0px; padding: 0px; text-decoration: none; color: #e2341d;\" href=\"http:\/\/zawada.osp.org.pl\/?attachment_id=1361\" target=\"_blank\" rel=\"noopener\">pobierz deklaracj\u0119<\/a><\/p>\n<\/div>\n","protected":false},"excerpt":{"rendered":"<p>Je\u015bli chcesz sta\u0107 si\u0119 jednym z tych, kt\u00f3rzy bezinteresownie pomagaj\u0105 innym, lubisz dreszczyk emocji i adrenalin\u0119 Wspom\u00f3\u017c nas swoj\u0105 osob\u0105 i wst\u0105p w szeregi OSP Zawada Ka\u017cdy mo\u017ce zosta\u0107 cz\u0142onkiem jednostki ochotniczej stra\u017cy po\u017carnej. Aby stra\u017cak m\u00f3g\u0142 bra\u0107 udzia\u0142 w dzia\u0142aniach ratowniczo-ga\u015bniczych musi mie\u0107 uko\u0144czone 18 lat, zosta\u0107 przebadany przez lekarza medycyny pracy oraz odby\u0107 [&hellip;]<\/p>\n","protected":false},"author":1,"featured_media":1122,"parent":0,"menu_order":0,"comment_status":"closed","ping_status":"closed","template":"","meta":[],"_links":{"self":[{"href":"http:\/\/zawada.osp.org.pl\/index.php?rest_route=\/wp\/v2\/pages\/1070"}],"collection":[{"href":"http:\/\/zawada.osp.org.pl\/index.php?rest_route=\/wp\/v2\/pages"}],"about":[{"href":"http:\/\/zawada.osp.org.pl\/index.php?rest_route=\/wp\/v2\/types\/page"}],"author":[{"embeddable":true,"href":"http:\/\/zawada.osp.org.pl\/index.php?rest_route=\/wp\/v2\/users\/1"}],"replies":[{"embeddable":true,"href":"http:\/\/zawada.osp.org.pl\/index.php?rest_route=%2Fwp%2Fv2%2Fcomments&post=1070"}],"version-history":[{"count":3,"href":"http:\/\/zawada.osp.org.pl\/index.php?rest_route=\/wp\/v2\/pages\/1070\/revisions"}],"predecessor-version":[{"id":1362,"href":"http:\/\/zawada.osp.org.pl\/index.php?rest_route=\/wp\/v2\/pages\/1070\/revisions\/1362"}],"wp:featuredmedia":[{"embeddable":true,"href":"http:\/\/zawada.osp.org.pl\/index.php?rest_route=\/wp\/v2\/media\/1122"}],"wp:attachment":[{"href":"http:\/\/zawada.osp.org.pl\/index.php?rest_route=%2Fwp%2Fv2%2Fmedia&parent=1070"}],"curies":[{"name":"wp","href":"https:\/\/api.w.org\/{rel}","templated":true}]}}